{"id":17397,"date":"2019-03-23T15:38:14","date_gmt":"2019-03-23T14:38:14","guid":{"rendered":"https:\/\/www.urbanpresents.net\/urban-forms-foundation-lodz-poland\/"},"modified":"2023-01-07T23:27:45","modified_gmt":"2023-01-07T22:27:45","slug":"urban-forms-foundation-lodz-poland","status":"publish","type":"page","link":"https:\/\/www.urbanpresents.net\/en\/urban-forms-foundation-lodz-poland\/","title":{"rendered":"Urban Forms Foundation \/\/ \u0141\u00f3d\u017a, Poland."},"content":{"rendered":"\n<p>Urban Forms Foundation &#8211; based in \u0141\u00f3d\u017a, Poland &#8211; focuses on broadly defined city culture. They organize, promote and support independent artistic initiatives in public space.&nbsp;Every year (from 2009) they create a festival of urban art, thanks to which during&nbsp;the ten years of our existence,&nbsp;they have made \u0141\u00f3d\u017a one of the best street art cities in the world,  saturated with high quality murals and various objects of art by  worldwide renowned artists as well as talented debutants. They also carry  out socially and participatory oriented project entering and exploring  various aspects of city arrangement and life.<\/p>\n\n\n\n<hr class=\"wp-block-separator\"\/>\n\n\n\n<p><a href=\"https:\/\/www.urbanforms.org\/\">urbanforms.org<\/a><\/p>\n\n\n\n<figure class=\"wp-block-image\"><a href=\"https:\/\/www.urbanforms.org\" target=\"_blank\" rel=\"noreferrer noopener\"><img loading=\"lazy\" decoding=\"async\" width=\"1024\" height=\"683\" src=\"https:\/\/www.urbanpresents.net\/wp-content\/uploads\/2019\/03\/uff_color_ang-web-1024x683.jpg\" alt=\"\" class=\"wp-image-17372\" srcset=\"https:\/\/www.urbanpresents.net\/wp-content\/uploads\/2019\/03\/uff_color_ang-web-1024x683.jpg 1024w, https:\/\/www.urbanpresents.net\/wp-content\/uploads\/2019\/03\/uff_color_ang-web-300x200.jpg 300w, https:\/\/www.urbanpresents.net\/wp-content\/uploads\/2019\/03\/uff_color_ang-web-768x512.jpg 768w, https:\/\/www.urbanpresents.net\/wp-content\/uploads\/2019\/03\/uff_color_ang-web-1320x880.jpg 1320w, https:\/\/www.urbanpresents.net\/wp-content\/uploads\/2019\/03\/uff_color_ang-web.jpg 1800w\" sizes=\"(max-width: 1024px) 100vw, 1024px\" \/><\/a><\/figure>\n","protected":false},"excerpt":{"rendered":"<p>Urban Forms Foundation &#8211; based in \u0141\u00f3d\u017a, Poland &#8211; focuses on broadly defined city culture. They organize, promote and support independent artistic initiatives in public space.&nbsp;Every year (from 2009) they create a festival of urban art, thanks to which during&nbsp;the ten years of our existence,&nbsp;they have made \u0141\u00f3d\u017a one of the best street art cities [&hellip;]<\/p>\n","protected":false},"author":1,"featured_media":17372,"parent":0,"menu_order":0,"comment_status":"closed","ping_status":"closed","template":"","meta":{"_acf_changed":false,"footnotes":""},"categories":[3352],"tags":[3354,3348,3351,3347,485],"class_list":["post-17397","page","type-page","status-publish","has-post-thumbnail","hentry","category-partners-en","tag-lodz-en","tag-lodz","tag-partner-en","tag-partner","tag-poland"],"acf":[],"aioseo_notices":[],"_links":{"self":[{"href":"https:\/\/www.urbanpresents.net\/en\/wp-json\/wp\/v2\/pages\/17397","targetHints":{"allow":["GET"]}}],"collection":[{"href":"https:\/\/www.urbanpresents.net\/en\/wp-json\/wp\/v2\/pages"}],"about":[{"href":"https:\/\/www.urbanpresents.net\/en\/wp-json\/wp\/v2\/types\/page"}],"author":[{"embeddable":true,"href":"https:\/\/www.urbanpresents.net\/en\/wp-json\/wp\/v2\/users\/1"}],"replies":[{"embeddable":true,"href":"https:\/\/www.urbanpresents.net\/en\/wp-json\/wp\/v2\/comments?post=17397"}],"version-history":[{"count":0,"href":"https:\/\/www.urbanpresents.net\/en\/wp-json\/wp\/v2\/pages\/17397\/revisions"}],"wp:featuredmedia":[{"embeddable":true,"href":"https:\/\/www.urbanpresents.net\/en\/wp-json\/wp\/v2\/media\/17372"}],"wp:attachment":[{"href":"https:\/\/www.urbanpresents.net\/en\/wp-json\/wp\/v2\/media?parent=17397"}],"wp:term":[{"taxonomy":"category","embeddable":true,"href":"https:\/\/www.urbanpresents.net\/en\/wp-json\/wp\/v2\/categories?post=17397"},{"taxonomy":"post_tag","embeddable":true,"href":"https:\/\/www.urbanpresents.net\/en\/wp-json\/wp\/v2\/tags?post=17397"}],"curies":[{"name":"wp","href":"https:\/\/api.w.org\/{rel}","templated":true}]}}